{"id":186,"date":"2024-04-21T04:27:21","date_gmt":"2024-04-21T04:27:21","guid":{"rendered":"http:\/\/laboix-demo.local\/?page_id=186"},"modified":"2025-09-23T14:36:14","modified_gmt":"2025-09-23T14:36:14","slug":"contacto","status":"publish","type":"page","link":"https:\/\/alzor.com.mx\/index.php\/contacto\/","title":{"rendered":"Contacto"},"content":{"rendered":"\t\t<div data-elementor-type=\"wp-page\" data-elementor-id=\"186\" class=\"elementor elementor-186\" data-elementor-post-type=\"page\">\n\t\t\t\t<div class=\"elementor-element elementor-element-c39064f e-flex e-con-boxed e-con e-parent\" data-id=\"c39064f\" data-element_type=\"container\">\n\t\t\t\t\t<div class=\"e-con-inner\">\n\t\t\t\t<div class=\"elementor-element elementor-element-07b7f3f elementor-widget elementor-widget-laboix-contact-form\" data-id=\"07b7f3f\" data-element_type=\"widget\" data-widget_type=\"laboix-contact-form.default\">\n\t\t\t\t<div class=\"elementor-widget-container\">\n\t\t\t\t\t    <section class=\"contact-one\">\r\n        <div class=\"container\">\r\n            <div class=\"row\">\r\n                <div class=\"col-lg-5\">\r\n                    <div class=\"contact-one__content\">\r\n                                                    <ul class=\"list-unstyled contact-one__info ml-0\">\r\n                                                                    <li class=\"contact-one__info__item\">\r\n                                        <div class=\"contact-one__info__icon\">\r\n                                            <i aria-hidden=\"true\" class=\"fab fa-whatsapp\"><\/i>                                        <\/div>\r\n                                        <div class=\"contact-one__info__content\">\r\n                                            <p class=\"contact-one__info__text\">Whatsapp<\/p>\r\n                                            <h4 class=\"contact-one__info__title\"> +52 999 437 3824<\/h4><!-- \/.contact-one__info__title -->\r\n                                        <\/div><!-- \/.contact-one__info__content -->\r\n                                    <\/li>\r\n                                                                    <li class=\"contact-one__info__item\">\r\n                                        <div class=\"contact-one__info__icon\">\r\n                                            <i aria-hidden=\"true\" class=\"icon-telephone-call-1\"><\/i>                                        <\/div>\r\n                                        <div class=\"contact-one__info__content\">\r\n                                            <p class=\"contact-one__info__text\">Tel\u00e9fono<\/p>\r\n                                            <h4 class=\"contact-one__info__title\"> +52  999 371 3144<\/h4><!-- \/.contact-one__info__title -->\r\n                                        <\/div><!-- \/.contact-one__info__content -->\r\n                                    <\/li>\r\n                                                                    <li class=\"contact-one__info__item\">\r\n                                        <div class=\"contact-one__info__icon\">\r\n                                            <i aria-hidden=\"true\" class=\"fab fa-whatsapp\"><\/i>                                        <\/div>\r\n                                        <div class=\"contact-one__info__content\">\r\n                                            <p class=\"contact-one__info__text\">Representante de ventas<\/br> Norte-Pacifico<\/p>\r\n                                            <h4 class=\"contact-one__info__title\"> +52  313 147 6073<\/h4><!-- \/.contact-one__info__title -->\r\n                                        <\/div><!-- \/.contact-one__info__content -->\r\n                                    <\/li>\r\n                                                                    <li class=\"contact-one__info__item\">\r\n                                        <div class=\"contact-one__info__icon\">\r\n                                            <i aria-hidden=\"true\" class=\" icon-email\"><\/i>                                        <\/div>\r\n                                        <div class=\"contact-one__info__content\">\r\n                                            <p class=\"contact-one__info__text\">Correo<\/p>\r\n                                            <h4 class=\"contact-one__info__title\"> ventas@alzor.com.mx<\/h4><!-- \/.contact-one__info__title -->\r\n                                        <\/div><!-- \/.contact-one__info__content -->\r\n                                    <\/li>\r\n                                                                    <li class=\"contact-one__info__item\">\r\n                                        <div class=\"contact-one__info__icon\">\r\n                                            <i aria-hidden=\"true\" class=\" icon-email\"><\/i>                                        <\/div>\r\n                                        <div class=\"contact-one__info__content\">\r\n                                            <p class=\"contact-one__info__text\">Correo<\/p>\r\n                                            <h4 class=\"contact-one__info__title\"> info@alzor.com.mx<\/h4><!-- \/.contact-one__info__title -->\r\n                                        <\/div><!-- \/.contact-one__info__content -->\r\n                                    <\/li>\r\n                                                                    <li class=\"contact-one__info__item\">\r\n                                        <div class=\"contact-one__info__icon\">\r\n                                            <i aria-hidden=\"true\" class=\" icon-pin\"><\/i>                                        <\/div>\r\n                                        <div class=\"contact-one__info__content\">\r\n                                            <p class=\"contact-one__info__text\">Direcci\u00f3n<\/p>\r\n                                            <h4 class=\"contact-one__info__title\"> Calle 28 por 29 #346-A, Emiliano Zapata Norte, C. P. 97129 M\u00e9rida, Yuc<\/h4><!-- \/.contact-one__info__title -->\r\n                                        <\/div><!-- \/.contact-one__info__content -->\r\n                                    <\/li>\r\n                                                            <\/ul><!-- \/.list-unstyled -->\r\n                                                                            <div class=\"contact-one__content__thumb\">\r\n                                <img decoding=\"async\" src=\"https:\/\/alzor.com.mx\/wp-content\/uploads\/2024\/04\/man-contact.png\" alt=\"man-contact\" title=\"man-contact\" >                            <\/div><!-- \/.contact-one__content__thumb -->\r\n                                                                            <div class=\"contact-one__content__social\">\r\n                                                                    <a   href=\"https:\/\/www.facebook.com\/profile.php?id=61563287517404\">\r\n                                        <i aria-hidden=\"true\" class=\"fab fa-facebook-f\"><\/i>                                    <\/a>\r\n                                                                    <a   href=\"https:\/\/www.instagram.com\/alzorbiotechnologies\/\">\r\n                                        <i aria-hidden=\"true\" class=\"fab fa-instagram\"><\/i>                                    <\/a>\r\n                                                                    <a   href=\"https:\/\/www.linkedin.com\/company\/alzor-biotechnologies\/\">\r\n                                        <i aria-hidden=\"true\" class=\"fab fa-linkedin\"><\/i>                                    <\/a>\r\n                                                            <\/div>\r\n                                            <\/div><!-- \/.contact-one__content -->\r\n                <\/div><!-- \/.col-xl-7 -->\r\n\r\n                <div class=\"col-lg-7\">\r\n                    <div class=\"contact-one__left\">\r\n                        <div class=\"contact-one__top\">\r\n                            <div class=\"sec-title wow fadeInUp\" data-wow-duration='700ms'>\r\n                                                                    <h6 class=\"sec-title__tagline\"> <img decoding=\"async\" src=\"https:\/\/alzor.com.mx\/wp-content\/uploads\/2024\/04\/sec-title-s-1.png\" alt=\"sec-title-s-1\" title=\"sec-title-s-1\" class=\"sec-title__img\" >Habla con nosotros<\/h6><!-- \/.sec-title__tagline -->\r\n                                                                <h3 class=\"sec-title__title\">Informaci\u00f3n de contacto<\/h3>                            <\/div><!-- \/.sec-title -->\r\n                        <\/div><!-- \/.contact-one__top -->\r\n                        <div class=\"contact-one__form form-one background-base wow fadeInUp\" data-wow-duration=\"1500ms\">\r\n                            <div class=\"wpcf7 no-js\" id=\"wpcf7-f1906-o1\" lang=\"en-US\" dir=\"ltr\" data-wpcf7-id=\"1906\">\n<div class=\"screen-reader-response\"><p role=\"status\" aria-live=\"polite\" aria-atomic=\"true\"><\/p> <ul><\/ul><\/div>\n<form action=\"\/index.php\/wp-json\/wp\/v2\/pages\/186#wpcf7-f1906-o1\" method=\"post\" class=\"wpcf7-form init\" aria-label=\"Contact form\" novalidate=\"novalidate\" data-status=\"init\">\n<fieldset class=\"hidden-fields-container\"><input type=\"hidden\" name=\"_wpcf7\" value=\"1906\" \/><input type=\"hidden\" name=\"_wpcf7_version\" value=\"6.1\" \/><input type=\"hidden\" name=\"_wpcf7_locale\" value=\"en_US\" \/><input type=\"hidden\" name=\"_wpcf7_unit_tag\" value=\"wpcf7-f1906-o1\" \/><input type=\"hidden\" name=\"_wpcf7_container_post\" value=\"0\" \/><input type=\"hidden\" name=\"_wpcf7_posted_data_hash\" value=\"\" \/>\n<\/fieldset>\n<div class=\"form-one__group\">\n    <div class=\"form-one__control\">\n        <span class=\"wpcf7-form-control-wrap\" data-name=\"text-228\"><input size=\"40\" maxlength=\"400\" class=\"wpcf7-form-control wpcf7-text wpcf7-validates-as-required\" aria-required=\"true\" aria-invalid=\"false\" placeholder=\"Tu Nombre\" value=\"\" type=\"text\" name=\"text-228\" \/><\/span>\n    <\/div><!-- \/.form-one__control  -->\n    <div class=\"form-one__control\">\n         <span class=\"wpcf7-form-control-wrap\" data-name=\"email-294\"><input size=\"40\" maxlength=\"400\" class=\"wpcf7-form-control wpcf7-email wpcf7-validates-as-required wpcf7-text wpcf7-validates-as-email\" aria-required=\"true\" aria-invalid=\"false\" placeholder=\"Direcci\u00f3n de Correo\" value=\"\" type=\"email\" name=\"email-294\" \/><\/span>\n    <\/div><!-- \/.form-one__control -->\n    <div class=\"form-one__control \">\n        <span class=\"wpcf7-form-control-wrap\" data-name=\"text-795\"><input size=\"40\" maxlength=\"400\" class=\"wpcf7-form-control wpcf7-text wpcf7-validates-as-required\" aria-required=\"true\" aria-invalid=\"false\" placeholder=\"Tel\u00e9fono\" value=\"\" type=\"text\" name=\"text-795\" \/><\/span>\n    <\/div><!-- \/.form-one__control  -->\n    <div class=\"form-one__control\">\n        <span class=\"wpcf7-form-control-wrap\" data-name=\"text-200\"><input size=\"40\" maxlength=\"400\" class=\"wpcf7-form-control wpcf7-text wpcf7-validates-as-required\" aria-required=\"true\" aria-invalid=\"false\" placeholder=\"Motivo\" value=\"\" type=\"text\" name=\"text-200\" \/><\/span>\n    <\/div><!-- \/.form-one__control -->\n    <div class=\"form-one__control form-one__control--full\">\n        <span class=\"wpcf7-form-control-wrap\" data-name=\"textarea-308\"><textarea cols=\"40\" rows=\"10\" maxlength=\"2000\" class=\"wpcf7-form-control wpcf7-textarea wpcf7-validates-as-required\" aria-required=\"true\" aria-invalid=\"false\" placeholder=\"Escribe tu mensaje\" name=\"textarea-308\"><\/textarea><\/span>\n    <\/div><!-- \/.form-one__control -->\n    <div class=\"form-one__control form-one__control--full\">\n        <button type=\"submit\" class=\"laboix-btn laboix-btn--submite\">Enviar<\/button>\n    <\/div><!-- \/.form-one__control -->\n<\/div><!-- \/.form-one__group --><div class=\"wpcf7-response-output\" aria-hidden=\"true\"><\/div>\n<\/form>\n<\/div>                        <\/div>\r\n                    <\/div>\r\n                <\/div><!-- \/.col-xl-5 -->\r\n\r\n            <\/div><!-- \/.row -->\r\n        <\/div><!-- \/.container -->\r\n    <\/section><!-- \/.contact-one -->\r\n\t\t\t\t<\/div>\n\t\t\t\t<\/div>\n\t\t<div class=\"elementor-element elementor-element-1d82360 e-con-full e-flex e-con e-child\" data-id=\"1d82360\" data-element_type=\"container\">\n\t\t\t\t<div class=\"elementor-element elementor-element-8198ec5 elementor-widget elementor-widget-heading\" data-id=\"8198ec5\" data-element_type=\"widget\" data-widget_type=\"heading.default\">\n\t\t\t\t\t<h2 class=\"elementor-heading-title elementor-size-default\">Pregunta por el distribuidor m\u00e1s cercano<\/h2>\t\t\t\t<\/div>\n\t\t\t\t<div class=\"elementor-element elementor-element-a1c0d58 elementor-widget elementor-widget-spacer\" data-id=\"a1c0d58\" data-element_type=\"widget\" data-widget_type=\"spacer.default\">\n\t\t\t\t\t\t\t<div class=\"elementor-spacer\">\n\t\t\t<div class=\"elementor-spacer-inner\"><\/div>\n\t\t<\/div>\n\t\t\t\t\t\t<\/div>\n\t\t\t\t<\/div>\n\t\t\t\t\t<\/div>\n\t\t\t\t<\/div>\n\t\t<div class=\"elementor-element elementor-element-4dbae0f e-flex e-con-boxed e-con e-parent\" data-id=\"4dbae0f\" data-element_type=\"container\">\n\t\t\t\t\t<div class=\"e-con-inner\">\n\t\t\t\t<div class=\"elementor-element elementor-element-84aea0e elementor-widget elementor-widget-spacer\" data-id=\"84aea0e\" data-element_type=\"widget\" data-widget_type=\"spacer.default\">\n\t\t\t\t\t\t\t<div class=\"elementor-spacer\">\n\t\t\t<div class=\"elementor-spacer-inner\"><\/div>\n\t\t<\/div>\n\t\t\t\t\t\t<\/div>\n\t\t\t\t\t<\/div>\n\t\t\t\t<\/div>\n\t\t<div class=\"elementor-element elementor-element-f865772 e-con-full e-flex e-con e-parent\" data-id=\"f865772\" data-element_type=\"container\">\n\t\t\t\t<div class=\"elementor-element elementor-element-0062e0d elementor-widget elementor-widget-laboix-google-maps\" data-id=\"0062e0d\" data-element_type=\"widget\" data-widget_type=\"laboix-google-maps.default\">\n\t\t\t\t<div class=\"elementor-widget-container\">\n\t\t\t\t\t\t\t<div class=\"contact-map  wow fadeInUp\" data-wow-duration=\"1500ms\">\r\n\t\t<div class=\"container-fluid\">\r\n\t\t\t<div class=\"google-map google-map__contact\">\r\n\t\t\t\t<iframe title=\"ALZOR Biotechnologies\" src=\"https:\/\/maps.google.com\/maps?q=ALZOR%20Biotechnologies&#038;t=m&#038;z=13&#038;output=embed&#038;iwloc=near\" class=\"map__@@extraClassName\" allowfullscreen><\/iframe>\r\n\t\t\t\t<div class=\"google-map__contact__pin\">\r\n\t\t\t\t\t\t\t\t\t<\/div>\r\n\t\t\t\t\t\t\t<\/div>\r\n\t\t<\/div><!-- \/.container-fluid -->\r\n\t<\/div><!-- \/.contact-map -->\r\n\t\t\t\t<\/div>\n\t\t\t\t<\/div>\n\t\t\t\t<\/div>\n\t\t\t\t<\/div>\n\t\t","protected":false},"excerpt":{"rendered":"<p>Whatsapp +52 999 437 3824 Tel\u00e9fono +52 999 371 3144 Representante de ventas Norte-Pacifico +52 313 147 6073 Correo ventas@alzor.com.mx Correo info@alzor.com.mx Direcci\u00f3n Calle 28 por 29 #346-A, Emiliano Zapata Norte, C. P. 97129 M\u00e9rida, Yuc Habla con nosotros Informaci\u00f3n de contacto Enviar Pregunta por el distribuidor m\u00e1s cercano<\/p>\n","protected":false},"author":1,"featured_media":0,"parent":0,"menu_order":0,"comment_status":"closed","ping_status":"closed","template":"elementor_header_footer","meta":{"footnotes":""},"class_list":["post-186","page","type-page","status-publish","hentry"],"_links":{"self":[{"href":"https:\/\/alzor.com.mx\/index.php\/wp-json\/wp\/v2\/pages\/186","targetHints":{"allow":["GET"]}}],"collection":[{"href":"https:\/\/alzor.com.mx\/index.php\/wp-json\/wp\/v2\/pages"}],"about":[{"href":"https:\/\/alzor.com.mx\/index.php\/wp-json\/wp\/v2\/types\/page"}],"author":[{"embeddable":true,"href":"https:\/\/alzor.com.mx\/index.php\/wp-json\/wp\/v2\/users\/1"}],"replies":[{"embeddable":true,"href":"https:\/\/alzor.com.mx\/index.php\/wp-json\/wp\/v2\/comments?post=186"}],"version-history":[{"count":39,"href":"https:\/\/alzor.com.mx\/index.php\/wp-json\/wp\/v2\/pages\/186\/revisions"}],"predecessor-version":[{"id":2926,"href":"https:\/\/alzor.com.mx\/index.php\/wp-json\/wp\/v2\/pages\/186\/revisions\/2926"}],"wp:attachment":[{"href":"https:\/\/alzor.com.mx\/index.php\/wp-json\/wp\/v2\/media?parent=186"}],"curies":[{"name":"wp","href":"https:\/\/api.w.org\/{rel}","templated":true}]}}