{"id":2613,"date":"2025-07-11T17:50:33","date_gmt":"2025-07-11T17:50:33","guid":{"rendered":"https:\/\/alzor.com.mx\/?page_id=2613"},"modified":"2025-07-29T21:44:20","modified_gmt":"2025-07-29T21:44:20","slug":"mejoradores-de-suelo","status":"publish","type":"page","link":"https:\/\/alzor.com.mx\/index.php\/mejoradores-de-suelo\/","title":{"rendered":"Mejoradores de Suelo"},"content":{"rendered":"\t\t<div data-elementor-type=\"wp-page\" data-elementor-id=\"2613\" class=\"elementor elementor-2613\" data-elementor-post-type=\"page\">\n\t\t\t\t<div class=\"elementor-element elementor-element-4ec0199 e-flex e-con-boxed e-con e-parent\" data-id=\"4ec0199\" data-element_type=\"container\">\n\t\t\t\t\t<div class=\"e-con-inner\">\n\t\t<div class=\"elementor-element elementor-element-b3632db e-con-full e-flex e-con e-child\" data-id=\"b3632db\" data-element_type=\"container\">\n\t\t\t\t<div class=\"elementor-element elementor-element-44a70a9 elementor-widget elementor-widget-image\" data-id=\"44a70a9\" data-element_type=\"widget\" data-settings=\"{&quot;sticky&quot;:&quot;top&quot;,&quot;sticky_parent&quot;:&quot;yes&quot;,&quot;sticky_on&quot;:[&quot;desktop&quot;,&quot;tablet&quot;,&quot;mobile&quot;],&quot;sticky_offset&quot;:0,&quot;sticky_effects_offset&quot;:0,&quot;sticky_anchor_link_offset&quot;:0}\" data-widget_type=\"image.default\">\n\t\t\t\t\t\t\t\t\t\t\t\t\t\t\t<img fetchpriority=\"high\" decoding=\"async\" width=\"640\" height=\"640\" src=\"https:\/\/alzor.com.mx\/wp-content\/uploads\/2025\/07\/Producto_Liquid-Gold-1024x1024.png\" class=\"attachment-large size-large wp-image-2615\" alt=\"\" srcset=\"https:\/\/alzor.com.mx\/wp-content\/uploads\/2025\/07\/Producto_Liquid-Gold-1024x1024.png 1024w, https:\/\/alzor.com.mx\/wp-content\/uploads\/2025\/07\/Producto_Liquid-Gold-300x300.png 300w, https:\/\/alzor.com.mx\/wp-content\/uploads\/2025\/07\/Producto_Liquid-Gold-150x150.png 150w, https:\/\/alzor.com.mx\/wp-content\/uploads\/2025\/07\/Producto_Liquid-Gold-768x768.png 768w, https:\/\/alzor.com.mx\/wp-content\/uploads\/2025\/07\/Producto_Liquid-Gold-1536x1536.png 1536w, https:\/\/alzor.com.mx\/wp-content\/uploads\/2025\/07\/Producto_Liquid-Gold-2048x2048.png 2048w, https:\/\/alzor.com.mx\/wp-content\/uploads\/2025\/07\/Producto_Liquid-Gold-70x70.png 70w\" sizes=\"(max-width: 640px) 100vw, 640px\" \/>\t\t\t\t\t\t\t\t\t\t\t\t\t\t\t<\/div>\n\t\t\t\t<\/div>\n\t\t<div class=\"elementor-element elementor-element-82cda0f e-con-full e-flex e-con e-child\" data-id=\"82cda0f\" data-element_type=\"container\">\n\t\t\t\t<div class=\"elementor-element elementor-element-7a5cc26 elementor-widget elementor-widget-image\" data-id=\"7a5cc26\" data-element_type=\"widget\" data-widget_type=\"image.default\">\n\t\t\t\t\t\t\t\t\t\t\t\t\t\t\t<img decoding=\"async\" width=\"640\" height=\"155\" src=\"https:\/\/alzor.com.mx\/wp-content\/uploads\/2025\/07\/Logo-Ferti-Mool-R.gif\" class=\"attachment-large size-large wp-image-2499\" alt=\"\" \/>\t\t\t\t\t\t\t\t\t\t\t\t\t\t\t<\/div>\n\t\t\t\t<div class=\"elementor-element elementor-element-e04671e elementor-widget elementor-widget-image\" data-id=\"e04671e\" data-element_type=\"widget\" data-widget_type=\"image.default\">\n\t\t\t\t\t\t\t\t\t\t\t\t\t\t\t<img decoding=\"async\" width=\"640\" height=\"86\" src=\"https:\/\/alzor.com.mx\/wp-content\/uploads\/2025\/07\/Name_Liquid-Gold-1024x138.png\" class=\"attachment-large size-large wp-image-2634\" alt=\"\" srcset=\"https:\/\/alzor.com.mx\/wp-content\/uploads\/2025\/07\/Name_Liquid-Gold-1024x138.png 1024w, https:\/\/alzor.com.mx\/wp-content\/uploads\/2025\/07\/Name_Liquid-Gold-300x40.png 300w, https:\/\/alzor.com.mx\/wp-content\/uploads\/2025\/07\/Name_Liquid-Gold-768x103.png 768w, https:\/\/alzor.com.mx\/wp-content\/uploads\/2025\/07\/Name_Liquid-Gold-1536x207.png 1536w, https:\/\/alzor.com.mx\/wp-content\/uploads\/2025\/07\/Name_Liquid-Gold-2048x276.png 2048w\" sizes=\"(max-width: 640px) 100vw, 640px\" \/>\t\t\t\t\t\t\t\t\t\t\t\t\t\t\t<\/div>\n\t\t\t\t<div class=\"elementor-element elementor-element-e6df00a elementor-widget elementor-widget-text-editor\" data-id=\"e6df00a\" data-element_type=\"widget\" data-widget_type=\"text-editor.default\">\n\t\t\t\t\t\t\t\t\t<p><span style=\"font-weight: 400;\">Ferti-Mool LIQUID GOLD es un agente humectante a base de Complejo de tensoactivos y amino\u00e1cidos como biosurfactantes, los cuales rompen la tensi\u00f3n superficial<\/span> <span style=\"font-weight: 400;\">del<\/span> <span style=\"font-weight: 400;\">suelo<\/span> <span style=\"font-weight: 400;\">para<\/span> <span style=\"font-weight: 400;\">mejorar<\/span> <span style=\"font-weight: 400;\">la<\/span> <span style=\"font-weight: 400;\">infiltraci\u00f3n<\/span> <span style=\"font-weight: 400;\">del<\/span> <span style=\"font-weight: 400;\">agua<\/span> <span style=\"font-weight: 400;\">y<\/span> <span style=\"font-weight: 400;\">reducir<\/span> <span style=\"font-weight: 400;\">la compactaci\u00f3n.\u00a0 Los\u00a0 \u00e1cidos\u00a0 f\u00falvicos\u00a0 y\u00a0 amino\u00e1cidos\u00a0 como\u00a0 el\u00a0 \u00e1cido\u00a0 glut\u00e1mico promueven un mejor crecimiento radicular, as\u00ed como una mejor hidrataci\u00f3n y nutrici\u00f3n<\/span> <span style=\"font-weight: 400;\">de<\/span> <span style=\"font-weight: 400;\">la<\/span> <span style=\"font-weight: 400;\">planta.<\/span> <span style=\"font-weight: 400;\">Se<\/span> <span style=\"font-weight: 400;\">incrementa<\/span> <span style=\"font-weight: 400;\">la<\/span> <span style=\"font-weight: 400;\">aireaci\u00f3n<\/span> <span style=\"font-weight: 400;\">y<\/span> <span style=\"font-weight: 400;\">el<\/span> <span style=\"font-weight: 400;\">desarrollo<\/span> <span style=\"font-weight: 400;\">de microorganismos ben\u00e9ficos. Desbloquea nutrientes como el f\u00f3sforo y potasio presentes en el suelo.<\/span><\/p>\t\t\t\t\t\t\t\t<\/div>\n\t\t\t\t<div class=\"elementor-element elementor-element-c4189d7 elementor-align-center elementor-widget elementor-widget-button\" data-id=\"c4189d7\" data-element_type=\"widget\" data-widget_type=\"button.default\">\n\t\t\t\t\t\t\t\t\t\t<a class=\"elementor-button elementor-button-link elementor-size-sm\" href=\"https:\/\/wa.me\/529994373824\" target=\"_blank\">\n\t\t\t\t\t\t<span class=\"elementor-button-content-wrapper\">\n\t\t\t\t\t\t<span class=\"elementor-button-icon\">\n\t\t\t\t<i aria-hidden=\"true\" class=\"fab fa-whatsapp\"><\/i>\t\t\t<\/span>\n\t\t\t\t\t\t\t\t\t<span class=\"elementor-button-text\">Solicita la ficha t\u00e9cnica<\/span>\n\t\t\t\t\t<\/span>\n\t\t\t\t\t<\/a>\n\t\t\t\t\t\t\t\t<\/div>\n\t\t\t\t<div class=\"elementor-element elementor-element-a59068b elementor-invisible elementor-widget elementor-widget-image\" data-id=\"a59068b\" data-element_type=\"widget\" data-settings=\"{&quot;_animation&quot;:&quot;slideInUp&quot;}\" data-widget_type=\"image.default\">\n\t\t\t\t\t\t\t\t\t\t\t\t\t\t\t<img loading=\"lazy\" decoding=\"async\" width=\"640\" height=\"305\" src=\"https:\/\/alzor.com.mx\/wp-content\/uploads\/2025\/07\/Iconos-LIQUID-GOLD-espanol-09.svg\" class=\"attachment-large size-large wp-image-2618\" alt=\"\" \/>\t\t\t\t\t\t\t\t\t\t\t\t\t\t\t<\/div>\n\t\t\t\t<\/div>\n\t\t<div class=\"elementor-element elementor-element-5ca44cd e-con-full e-flex e-con e-child\" data-id=\"5ca44cd\" data-element_type=\"container\">\n\t\t\t\t<div class=\"elementor-element elementor-element-ff1302c elementor-widget elementor-widget-image\" data-id=\"ff1302c\" data-element_type=\"widget\" data-settings=\"{&quot;sticky&quot;:&quot;top&quot;,&quot;sticky_parent&quot;:&quot;yes&quot;,&quot;sticky_on&quot;:[&quot;desktop&quot;,&quot;tablet&quot;,&quot;mobile&quot;],&quot;sticky_offset&quot;:0,&quot;sticky_effects_offset&quot;:0,&quot;sticky_anchor_link_offset&quot;:0}\" data-widget_type=\"image.default\">\n\t\t\t\t\t\t\t\t\t\t\t\t\t\t\t<img loading=\"lazy\" decoding=\"async\" width=\"640\" height=\"640\" src=\"https:\/\/alzor.com.mx\/wp-content\/uploads\/2025\/07\/IMG_Liquid-Gold-1024x1024.png\" class=\"attachment-large size-large wp-image-2616\" alt=\"\" srcset=\"https:\/\/alzor.com.mx\/wp-content\/uploads\/2025\/07\/IMG_Liquid-Gold-1024x1024.png 1024w, https:\/\/alzor.com.mx\/wp-content\/uploads\/2025\/07\/IMG_Liquid-Gold-300x300.png 300w, https:\/\/alzor.com.mx\/wp-content\/uploads\/2025\/07\/IMG_Liquid-Gold-150x150.png 150w, https:\/\/alzor.com.mx\/wp-content\/uploads\/2025\/07\/IMG_Liquid-Gold-768x768.png 768w, https:\/\/alzor.com.mx\/wp-content\/uploads\/2025\/07\/IMG_Liquid-Gold-1536x1536.png 1536w, https:\/\/alzor.com.mx\/wp-content\/uploads\/2025\/07\/IMG_Liquid-Gold-2048x2048.png 2048w, https:\/\/alzor.com.mx\/wp-content\/uploads\/2025\/07\/IMG_Liquid-Gold-70x70.png 70w\" sizes=\"(max-width: 640px) 100vw, 640px\" \/>\t\t\t\t\t\t\t\t\t\t\t\t\t\t\t<\/div>\n\t\t\t\t<\/div>\n\t\t\t\t\t<\/div>\n\t\t\t\t<\/div>\n\t\t<div class=\"elementor-element elementor-element-83d55e1 e-flex e-con-boxed e-con e-parent\" data-id=\"83d55e1\" data-element_type=\"container\">\n\t\t\t\t\t<div class=\"e-con-inner\">\n\t\t\t\t<div class=\"elementor-element elementor-element-7fd20e3 elementor-widget-divider--view-line elementor-widget elementor-widget-divider\" data-id=\"7fd20e3\" data-element_type=\"widget\" data-widget_type=\"divider.default\">\n\t\t\t\t\t\t\t<div class=\"elementor-divider\">\n\t\t\t<span class=\"elementor-divider-separator\">\n\t\t\t\t\t\t<\/span>\n\t\t<\/div>\n\t\t\t\t\t\t<\/div>\n\t\t\t\t\t<\/div>\n\t\t\t\t<\/div>\n\t\t<div class=\"elementor-element elementor-element-98d0ba4 e-flex e-con-boxed e-con e-parent\" data-id=\"98d0ba4\" data-element_type=\"container\">\n\t\t\t\t\t<div class=\"e-con-inner\">\n\t\t<div class=\"elementor-element elementor-element-280d97b e-con-full e-flex e-con e-child\" data-id=\"280d97b\" data-element_type=\"container\">\n\t\t\t\t<div class=\"elementor-element elementor-element-258ff32 elementor-widget elementor-widget-image\" data-id=\"258ff32\" data-element_type=\"widget\" data-settings=\"{&quot;sticky&quot;:&quot;top&quot;,&quot;sticky_parent&quot;:&quot;yes&quot;,&quot;sticky_on&quot;:[&quot;desktop&quot;,&quot;tablet&quot;,&quot;mobile&quot;],&quot;sticky_offset&quot;:0,&quot;sticky_effects_offset&quot;:0,&quot;sticky_anchor_link_offset&quot;:0}\" data-widget_type=\"image.default\">\n\t\t\t\t\t\t\t\t\t\t\t\t\t\t\t<img loading=\"lazy\" decoding=\"async\" width=\"640\" height=\"640\" src=\"https:\/\/alzor.com.mx\/wp-content\/uploads\/2025\/07\/Producto_Mq-Active-1024x1024.png\" class=\"attachment-large size-large wp-image-2633\" alt=\"\" srcset=\"https:\/\/alzor.com.mx\/wp-content\/uploads\/2025\/07\/Producto_Mq-Active-1024x1024.png 1024w, https:\/\/alzor.com.mx\/wp-content\/uploads\/2025\/07\/Producto_Mq-Active-300x300.png 300w, https:\/\/alzor.com.mx\/wp-content\/uploads\/2025\/07\/Producto_Mq-Active-150x150.png 150w, https:\/\/alzor.com.mx\/wp-content\/uploads\/2025\/07\/Producto_Mq-Active-768x768.png 768w, https:\/\/alzor.com.mx\/wp-content\/uploads\/2025\/07\/Producto_Mq-Active-1536x1536.png 1536w, https:\/\/alzor.com.mx\/wp-content\/uploads\/2025\/07\/Producto_Mq-Active-2048x2048.png 2048w, https:\/\/alzor.com.mx\/wp-content\/uploads\/2025\/07\/Producto_Mq-Active-70x70.png 70w\" sizes=\"(max-width: 640px) 100vw, 640px\" \/>\t\t\t\t\t\t\t\t\t\t\t\t\t\t\t<\/div>\n\t\t\t\t<\/div>\n\t\t<div class=\"elementor-element elementor-element-eebf47c e-con-full e-flex e-con e-child\" data-id=\"eebf47c\" data-element_type=\"container\">\n\t\t\t\t<div class=\"elementor-element elementor-element-661b095 elementor-widget elementor-widget-image\" data-id=\"661b095\" data-element_type=\"widget\" data-widget_type=\"image.default\">\n\t\t\t\t\t\t\t\t\t\t\t\t\t\t\t<img decoding=\"async\" width=\"640\" height=\"155\" src=\"https:\/\/alzor.com.mx\/wp-content\/uploads\/2025\/07\/Logo-Ferti-Mool-R.gif\" class=\"attachment-large size-large wp-image-2499\" alt=\"\" \/>\t\t\t\t\t\t\t\t\t\t\t\t\t\t\t<\/div>\n\t\t\t\t<div class=\"elementor-element elementor-element-2b90f12 elementor-widget elementor-widget-image\" data-id=\"2b90f12\" data-element_type=\"widget\" data-widget_type=\"image.default\">\n\t\t\t\t\t\t\t\t\t\t\t\t\t\t\t<img loading=\"lazy\" decoding=\"async\" width=\"640\" height=\"90\" src=\"https:\/\/alzor.com.mx\/wp-content\/uploads\/2025\/07\/Name_Mq-Active-1024x144.png\" class=\"attachment-large size-large wp-image-2632\" alt=\"\" srcset=\"https:\/\/alzor.com.mx\/wp-content\/uploads\/2025\/07\/Name_Mq-Active-1024x144.png 1024w, https:\/\/alzor.com.mx\/wp-content\/uploads\/2025\/07\/Name_Mq-Active-300x42.png 300w, https:\/\/alzor.com.mx\/wp-content\/uploads\/2025\/07\/Name_Mq-Active-768x108.png 768w, https:\/\/alzor.com.mx\/wp-content\/uploads\/2025\/07\/Name_Mq-Active-1536x216.png 1536w, https:\/\/alzor.com.mx\/wp-content\/uploads\/2025\/07\/Name_Mq-Active-2048x288.png 2048w\" sizes=\"(max-width: 640px) 100vw, 640px\" \/>\t\t\t\t\t\t\t\t\t\t\t\t\t\t\t<\/div>\n\t\t\t\t<div class=\"elementor-element elementor-element-fb4515b elementor-widget elementor-widget-text-editor\" data-id=\"fb4515b\" data-element_type=\"widget\" data-widget_type=\"text-editor.default\">\n\t\t\t\t\t\t\t\t\t<p><span style=\"font-weight: 400;\">Ferti-Mool MQ-ACTIVE act\u00faa como mejorador de suelo org\u00e1nico, estimula la actividad\u00a0 microbiana\u00a0 del\u00a0 suelo\u00a0 y\u00a0 favorece\u00a0 el\u00a0 crecimiento\u00a0 de\u00a0 organismos quitinol\u00edticos. Promueve el desarrollo de bioestimulantes que activan el sistema inmune de las plantas, lo cual genera el crecimiento de ra\u00edces y raicillas con efecto preventivo y reparador del ataque de nem\u00e1todos. Fuente de carbono org\u00e1nico oxidable.<\/span><\/p>\t\t\t\t\t\t\t\t<\/div>\n\t\t\t\t<div class=\"elementor-element elementor-element-a188cca elementor-align-center elementor-widget elementor-widget-button\" data-id=\"a188cca\" data-element_type=\"widget\" data-widget_type=\"button.default\">\n\t\t\t\t\t\t\t\t\t\t<a class=\"elementor-button elementor-button-link elementor-size-sm\" href=\"https:\/\/wa.me\/529994373824\" target=\"_blank\">\n\t\t\t\t\t\t<span class=\"elementor-button-content-wrapper\">\n\t\t\t\t\t\t<span class=\"elementor-button-icon\">\n\t\t\t\t<i aria-hidden=\"true\" class=\"fab fa-whatsapp\"><\/i>\t\t\t<\/span>\n\t\t\t\t\t\t\t\t\t<span class=\"elementor-button-text\">Solicita la ficha t\u00e9cnica<\/span>\n\t\t\t\t\t<\/span>\n\t\t\t\t\t<\/a>\n\t\t\t\t\t\t\t\t<\/div>\n\t\t\t\t<div class=\"elementor-element elementor-element-1065155 elementor-invisible elementor-widget elementor-widget-image\" data-id=\"1065155\" data-element_type=\"widget\" data-settings=\"{&quot;_animation&quot;:&quot;slideInUp&quot;}\" data-widget_type=\"image.default\">\n\t\t\t\t\t\t\t\t\t\t\t\t\t\t\t<img loading=\"lazy\" decoding=\"async\" width=\"640\" height=\"305\" src=\"https:\/\/alzor.com.mx\/wp-content\/uploads\/2025\/07\/iconos-mqactive15-1024x488.png\" class=\"attachment-large size-large wp-image-2868\" alt=\"\" srcset=\"https:\/\/alzor.com.mx\/wp-content\/uploads\/2025\/07\/iconos-mqactive15-1024x488.png 1024w, https:\/\/alzor.com.mx\/wp-content\/uploads\/2025\/07\/iconos-mqactive15-300x143.png 300w, https:\/\/alzor.com.mx\/wp-content\/uploads\/2025\/07\/iconos-mqactive15-768x366.png 768w, https:\/\/alzor.com.mx\/wp-content\/uploads\/2025\/07\/iconos-mqactive15-1536x733.png 1536w, https:\/\/alzor.com.mx\/wp-content\/uploads\/2025\/07\/iconos-mqactive15.png 1742w\" sizes=\"(max-width: 640px) 100vw, 640px\" \/>\t\t\t\t\t\t\t\t\t\t\t\t\t\t\t<\/div>\n\t\t\t\t<\/div>\n\t\t<div class=\"elementor-element elementor-element-58931b6 e-con-full e-flex e-con e-child\" data-id=\"58931b6\" data-element_type=\"container\">\n\t\t\t\t<div class=\"elementor-element elementor-element-2d468ec elementor-widget elementor-widget-image\" data-id=\"2d468ec\" data-element_type=\"widget\" data-settings=\"{&quot;sticky&quot;:&quot;top&quot;,&quot;sticky_parent&quot;:&quot;yes&quot;,&quot;sticky_on&quot;:[&quot;desktop&quot;,&quot;tablet&quot;,&quot;mobile&quot;],&quot;sticky_offset&quot;:0,&quot;sticky_effects_offset&quot;:0,&quot;sticky_anchor_link_offset&quot;:0}\" data-widget_type=\"image.default\">\n\t\t\t\t\t\t\t\t\t\t\t\t\t\t\t<img loading=\"lazy\" decoding=\"async\" width=\"640\" height=\"640\" src=\"https:\/\/alzor.com.mx\/wp-content\/uploads\/2025\/07\/IMG_Mq-Active-1024x1024.png\" class=\"attachment-large size-large wp-image-2631\" alt=\"\" srcset=\"https:\/\/alzor.com.mx\/wp-content\/uploads\/2025\/07\/IMG_Mq-Active-1024x1024.png 1024w, https:\/\/alzor.com.mx\/wp-content\/uploads\/2025\/07\/IMG_Mq-Active-300x300.png 300w, https:\/\/alzor.com.mx\/wp-content\/uploads\/2025\/07\/IMG_Mq-Active-150x150.png 150w, https:\/\/alzor.com.mx\/wp-content\/uploads\/2025\/07\/IMG_Mq-Active-768x768.png 768w, https:\/\/alzor.com.mx\/wp-content\/uploads\/2025\/07\/IMG_Mq-Active-1536x1536.png 1536w, https:\/\/alzor.com.mx\/wp-content\/uploads\/2025\/07\/IMG_Mq-Active-2048x2048.png 2048w, https:\/\/alzor.com.mx\/wp-content\/uploads\/2025\/07\/IMG_Mq-Active-70x70.png 70w\" sizes=\"(max-width: 640px) 100vw, 640px\" \/>\t\t\t\t\t\t\t\t\t\t\t\t\t\t\t<\/div>\n\t\t\t\t<\/div>\n\t\t\t\t\t<\/div>\n\t\t\t\t<\/div>\n\t\t\t\t<\/div>\n\t\t","protected":false},"excerpt":{"rendered":"<p>Ferti-Mool LIQUID GOLD es un agente humectante a base de Complejo de tensoactivos y amino\u00e1cidos como biosurfactantes, los cuales rompen la tensi\u00f3n superficial del suelo para mejorar la infiltraci\u00f3n del agua y reducir la compactaci\u00f3n.\u00a0 Los\u00a0 \u00e1cidos\u00a0 f\u00falvicos\u00a0 y\u00a0 amino\u00e1cidos\u00a0 como\u00a0 el\u00a0 \u00e1cido\u00a0 glut\u00e1mico promueven un mejor crecimiento radicular, as\u00ed como una mejor hidrataci\u00f3n y [&hellip;]<\/p>\n","protected":false},"author":1,"featured_media":0,"parent":0,"menu_order":0,"comment_status":"closed","ping_status":"closed","template":"elementor_header_footer","meta":{"footnotes":""},"class_list":["post-2613","page","type-page","status-publish","hentry"],"_links":{"self":[{"href":"https:\/\/alzor.com.mx\/index.php\/wp-json\/wp\/v2\/pages\/2613","targetHints":{"allow":["GET"]}}],"collection":[{"href":"https:\/\/alzor.com.mx\/index.php\/wp-json\/wp\/v2\/pages"}],"about":[{"href":"https:\/\/alzor.com.mx\/index.php\/wp-json\/wp\/v2\/types\/page"}],"author":[{"embeddable":true,"href":"https:\/\/alzor.com.mx\/index.php\/wp-json\/wp\/v2\/users\/1"}],"replies":[{"embeddable":true,"href":"https:\/\/alzor.com.mx\/index.php\/wp-json\/wp\/v2\/comments?post=2613"}],"version-history":[{"count":28,"href":"https:\/\/alzor.com.mx\/index.php\/wp-json\/wp\/v2\/pages\/2613\/revisions"}],"predecessor-version":[{"id":2906,"href":"https:\/\/alzor.com.mx\/index.php\/wp-json\/wp\/v2\/pages\/2613\/revisions\/2906"}],"wp:attachment":[{"href":"https:\/\/alzor.com.mx\/index.php\/wp-json\/wp\/v2\/media?parent=2613"}],"curies":[{"name":"wp","href":"https:\/\/api.w.org\/{rel}","templated":true}]}}