{"id":2707,"date":"2025-07-11T19:20:22","date_gmt":"2025-07-11T19:20:22","guid":{"rendered":"https:\/\/alzor.com.mx\/?page_id=2707"},"modified":"2025-07-29T21:45:53","modified_gmt":"2025-07-29T21:45:53","slug":"bioplaguicidas","status":"publish","type":"page","link":"https:\/\/alzor.com.mx\/index.php\/bioplaguicidas\/","title":{"rendered":"Bioplaguicidas"},"content":{"rendered":"\t\t<div data-elementor-type=\"wp-page\" data-elementor-id=\"2707\" class=\"elementor elementor-2707\" data-elementor-post-type=\"page\">\n\t\t\t\t<div class=\"elementor-element elementor-element-4ec0199 e-flex e-con-boxed e-con e-parent\" data-id=\"4ec0199\" data-element_type=\"container\">\n\t\t\t\t\t<div class=\"e-con-inner\">\n\t\t<div class=\"elementor-element elementor-element-b3632db e-con-full e-flex e-con e-child\" data-id=\"b3632db\" data-element_type=\"container\">\n\t\t\t\t<div class=\"elementor-element elementor-element-44a70a9 elementor-widget elementor-widget-image\" data-id=\"44a70a9\" data-element_type=\"widget\" data-settings=\"{&quot;sticky&quot;:&quot;top&quot;,&quot;sticky_parent&quot;:&quot;yes&quot;,&quot;sticky_on&quot;:[&quot;desktop&quot;,&quot;tablet&quot;,&quot;mobile&quot;],&quot;sticky_offset&quot;:0,&quot;sticky_effects_offset&quot;:0,&quot;sticky_anchor_link_offset&quot;:0}\" data-widget_type=\"image.default\">\n\t\t\t\t\t\t\t\t\t\t\t\t\t\t\t<img fetchpriority=\"high\" decoding=\"async\" width=\"640\" height=\"640\" src=\"https:\/\/alzor.com.mx\/wp-content\/uploads\/2025\/07\/Producto_Bio-Systemic-1024x1024.png\" class=\"attachment-large size-large wp-image-2708\" alt=\"\" srcset=\"https:\/\/alzor.com.mx\/wp-content\/uploads\/2025\/07\/Producto_Bio-Systemic-1024x1024.png 1024w, https:\/\/alzor.com.mx\/wp-content\/uploads\/2025\/07\/Producto_Bio-Systemic-300x300.png 300w, https:\/\/alzor.com.mx\/wp-content\/uploads\/2025\/07\/Producto_Bio-Systemic-150x150.png 150w, https:\/\/alzor.com.mx\/wp-content\/uploads\/2025\/07\/Producto_Bio-Systemic-768x768.png 768w, https:\/\/alzor.com.mx\/wp-content\/uploads\/2025\/07\/Producto_Bio-Systemic-1536x1536.png 1536w, https:\/\/alzor.com.mx\/wp-content\/uploads\/2025\/07\/Producto_Bio-Systemic-2048x2048.png 2048w, https:\/\/alzor.com.mx\/wp-content\/uploads\/2025\/07\/Producto_Bio-Systemic-70x70.png 70w\" sizes=\"(max-width: 640px) 100vw, 640px\" \/>\t\t\t\t\t\t\t\t\t\t\t\t\t\t\t<\/div>\n\t\t\t\t<\/div>\n\t\t<div class=\"elementor-element elementor-element-82cda0f e-con-full e-flex e-con e-child\" data-id=\"82cda0f\" data-element_type=\"container\">\n\t\t\t\t<div class=\"elementor-element elementor-element-7a5cc26 elementor-widget elementor-widget-image\" data-id=\"7a5cc26\" data-element_type=\"widget\" data-widget_type=\"image.default\">\n\t\t\t\t\t\t\t\t\t\t\t\t\t\t\t<img decoding=\"async\" width=\"640\" height=\"243\" src=\"https:\/\/alzor.com.mx\/wp-content\/uploads\/2025\/07\/Logo-Bio-Systemic-color-1024x389.png\" class=\"attachment-large size-large wp-image-2494\" alt=\"\" srcset=\"https:\/\/alzor.com.mx\/wp-content\/uploads\/2025\/07\/Logo-Bio-Systemic-color-1024x389.png 1024w, https:\/\/alzor.com.mx\/wp-content\/uploads\/2025\/07\/Logo-Bio-Systemic-color-300x114.png 300w, https:\/\/alzor.com.mx\/wp-content\/uploads\/2025\/07\/Logo-Bio-Systemic-color-768x292.png 768w, https:\/\/alzor.com.mx\/wp-content\/uploads\/2025\/07\/Logo-Bio-Systemic-color-1536x584.png 1536w, https:\/\/alzor.com.mx\/wp-content\/uploads\/2025\/07\/Logo-Bio-Systemic-color-2048x779.png 2048w\" sizes=\"(max-width: 640px) 100vw, 640px\" \/>\t\t\t\t\t\t\t\t\t\t\t\t\t\t\t<\/div>\n\t\t\t\t<div class=\"elementor-element elementor-element-e6df00a elementor-widget elementor-widget-text-editor\" data-id=\"e6df00a\" data-element_type=\"widget\" data-widget_type=\"text-editor.default\">\n\t\t\t\t\t\t\t\t\t<p><span style=\"font-weight: 400;\">BioSystemic es un fungicida y bactericida de amplio espectro que permite una sanitizaci\u00f3n\u00a0 \u00f3ptima\u00a0 de\u00a0 los\u00a0 cultivos.\u00a0 Sus\u00a0 componentes\u00a0 tienen\u00a0 un\u00a0 efecto\u00a0 de contacto y sist\u00e9mico para el control de diversas enfermedades como: antracnosis, mancha\u00a0 caf\u00e9,\u00a0 mildiu,\u00a0 moho\u00a0 gris,\u00a0 entre\u00a0 otras.\u00a0 Los\u00a0 ingredientes\u00a0 activos\u00a0 de BioSystemic tienen una acci\u00f3n translaminar, ya que son absorbidos dentro de la cut\u00edcula de las plantas, lo cual garantiza su efectividad contra los distintos fitopat\u00f3genos. Su actividad fungicida se basa en la inhibici\u00f3n de la germinaci\u00f3n de esporas\u00a0 y\u00a0 del\u00a0 crecimiento\u00a0 micelial,\u00a0 mientras\u00a0 que\u00a0 en\u00a0 bacterias\u00a0 impide\u00a0 su crecimiento y provoca su muerte atrofiando sus paredes celulares. De igual modo las biomol\u00e9culas que lo componen activan el sistema de resistencia adquirida (SAR) e induce la producci\u00f3n end\u00f3gena de enzimas de resistencia al estr\u00e9s y de hormonas de crecimiento.<\/span><\/p>\t\t\t\t\t\t\t\t<\/div>\n\t\t\t\t<div class=\"elementor-element elementor-element-204c95f elementor-align-center elementor-widget elementor-widget-button\" data-id=\"204c95f\" data-element_type=\"widget\" data-widget_type=\"button.default\">\n\t\t\t\t\t\t\t\t\t\t<a class=\"elementor-button elementor-button-link elementor-size-sm\" href=\"https:\/\/wa.me\/529994373824\" target=\"_blank\">\n\t\t\t\t\t\t<span class=\"elementor-button-content-wrapper\">\n\t\t\t\t\t\t<span class=\"elementor-button-icon\">\n\t\t\t\t<i aria-hidden=\"true\" class=\"fab fa-whatsapp\"><\/i>\t\t\t<\/span>\n\t\t\t\t\t\t\t\t\t<span class=\"elementor-button-text\">Solicita la ficha t\u00e9cnica<\/span>\n\t\t\t\t\t<\/span>\n\t\t\t\t\t<\/a>\n\t\t\t\t\t\t\t\t<\/div>\n\t\t\t\t<div class=\"elementor-element elementor-element-a59068b elementor-invisible elementor-widget elementor-widget-image\" data-id=\"a59068b\" data-element_type=\"widget\" data-settings=\"{&quot;_animation&quot;:&quot;slideInUp&quot;}\" data-widget_type=\"image.default\">\n\t\t\t\t\t\t\t\t\t\t\t\t\t\t\t<img decoding=\"async\" width=\"640\" height=\"305\" src=\"https:\/\/alzor.com.mx\/wp-content\/uploads\/2025\/07\/Iconos-BIO-SYSTEMIC-espanol-09.svg\" class=\"attachment-large size-large wp-image-2711\" alt=\"\" \/>\t\t\t\t\t\t\t\t\t\t\t\t\t\t\t<\/div>\n\t\t\t\t<\/div>\n\t\t<div class=\"elementor-element elementor-element-5ca44cd e-con-full e-flex e-con e-child\" data-id=\"5ca44cd\" data-element_type=\"container\">\n\t\t\t\t<div class=\"elementor-element elementor-element-ff1302c elementor-widget elementor-widget-image\" data-id=\"ff1302c\" data-element_type=\"widget\" data-settings=\"{&quot;sticky&quot;:&quot;top&quot;,&quot;sticky_parent&quot;:&quot;yes&quot;,&quot;sticky_on&quot;:[&quot;desktop&quot;,&quot;tablet&quot;,&quot;mobile&quot;],&quot;sticky_offset&quot;:0,&quot;sticky_effects_offset&quot;:0,&quot;sticky_anchor_link_offset&quot;:0}\" data-widget_type=\"image.default\">\n\t\t\t\t\t\t\t\t\t\t\t\t\t\t\t<img loading=\"lazy\" decoding=\"async\" width=\"640\" height=\"640\" src=\"https:\/\/alzor.com.mx\/wp-content\/uploads\/2025\/07\/IMG_Bio-Systemic-1024x1024.png\" class=\"attachment-large size-large wp-image-2710\" alt=\"\" srcset=\"https:\/\/alzor.com.mx\/wp-content\/uploads\/2025\/07\/IMG_Bio-Systemic-1024x1024.png 1024w, https:\/\/alzor.com.mx\/wp-content\/uploads\/2025\/07\/IMG_Bio-Systemic-300x300.png 300w, https:\/\/alzor.com.mx\/wp-content\/uploads\/2025\/07\/IMG_Bio-Systemic-150x150.png 150w, https:\/\/alzor.com.mx\/wp-content\/uploads\/2025\/07\/IMG_Bio-Systemic-768x768.png 768w, https:\/\/alzor.com.mx\/wp-content\/uploads\/2025\/07\/IMG_Bio-Systemic-1536x1536.png 1536w, https:\/\/alzor.com.mx\/wp-content\/uploads\/2025\/07\/IMG_Bio-Systemic-2048x2048.png 2048w, https:\/\/alzor.com.mx\/wp-content\/uploads\/2025\/07\/IMG_Bio-Systemic-70x70.png 70w\" sizes=\"(max-width: 640px) 100vw, 640px\" \/>\t\t\t\t\t\t\t\t\t\t\t\t\t\t\t<\/div>\n\t\t\t\t<\/div>\n\t\t\t\t\t<\/div>\n\t\t\t\t<\/div>\n\t\t<div class=\"elementor-element elementor-element-83d55e1 e-flex e-con-boxed e-con e-parent\" data-id=\"83d55e1\" data-element_type=\"container\">\n\t\t\t\t\t<div class=\"e-con-inner\">\n\t\t\t\t<div class=\"elementor-element elementor-element-7fd20e3 elementor-widget-divider--view-line elementor-widget elementor-widget-divider\" data-id=\"7fd20e3\" data-element_type=\"widget\" data-widget_type=\"divider.default\">\n\t\t\t\t\t\t\t<div class=\"elementor-divider\">\n\t\t\t<span class=\"elementor-divider-separator\">\n\t\t\t\t\t\t<\/span>\n\t\t<\/div>\n\t\t\t\t\t\t<\/div>\n\t\t\t\t\t<\/div>\n\t\t\t\t<\/div>\n\t\t<div class=\"elementor-element elementor-element-98d0ba4 e-flex e-con-boxed e-con e-parent\" data-id=\"98d0ba4\" data-element_type=\"container\">\n\t\t\t\t\t<div class=\"e-con-inner\">\n\t\t<div class=\"elementor-element elementor-element-280d97b e-con-full e-flex e-con e-child\" data-id=\"280d97b\" data-element_type=\"container\">\n\t\t\t\t<div class=\"elementor-element elementor-element-258ff32 elementor-widget elementor-widget-image\" data-id=\"258ff32\" data-element_type=\"widget\" data-settings=\"{&quot;sticky&quot;:&quot;top&quot;,&quot;sticky_parent&quot;:&quot;yes&quot;,&quot;sticky_on&quot;:[&quot;desktop&quot;,&quot;tablet&quot;,&quot;mobile&quot;],&quot;sticky_offset&quot;:0,&quot;sticky_effects_offset&quot;:0,&quot;sticky_anchor_link_offset&quot;:0}\" data-widget_type=\"image.default\">\n\t\t\t\t\t\t\t\t\t\t\t\t\t\t\t<img loading=\"lazy\" decoding=\"async\" width=\"640\" height=\"640\" src=\"https:\/\/alzor.com.mx\/wp-content\/uploads\/2025\/07\/Producto_Bio-Systemic-Nanobacter-1024x1024.png\" class=\"attachment-large size-large wp-image-2713\" alt=\"\" srcset=\"https:\/\/alzor.com.mx\/wp-content\/uploads\/2025\/07\/Producto_Bio-Systemic-Nanobacter-1024x1024.png 1024w, https:\/\/alzor.com.mx\/wp-content\/uploads\/2025\/07\/Producto_Bio-Systemic-Nanobacter-300x300.png 300w, https:\/\/alzor.com.mx\/wp-content\/uploads\/2025\/07\/Producto_Bio-Systemic-Nanobacter-150x150.png 150w, https:\/\/alzor.com.mx\/wp-content\/uploads\/2025\/07\/Producto_Bio-Systemic-Nanobacter-768x768.png 768w, https:\/\/alzor.com.mx\/wp-content\/uploads\/2025\/07\/Producto_Bio-Systemic-Nanobacter-1536x1536.png 1536w, https:\/\/alzor.com.mx\/wp-content\/uploads\/2025\/07\/Producto_Bio-Systemic-Nanobacter-2048x2048.png 2048w, https:\/\/alzor.com.mx\/wp-content\/uploads\/2025\/07\/Producto_Bio-Systemic-Nanobacter-70x70.png 70w\" sizes=\"(max-width: 640px) 100vw, 640px\" \/>\t\t\t\t\t\t\t\t\t\t\t\t\t\t\t<\/div>\n\t\t\t\t<\/div>\n\t\t<div class=\"elementor-element elementor-element-eebf47c e-con-full e-flex e-con e-child\" data-id=\"eebf47c\" data-element_type=\"container\">\n\t\t\t\t<div class=\"elementor-element elementor-element-661b095 elementor-widget elementor-widget-image\" data-id=\"661b095\" data-element_type=\"widget\" data-widget_type=\"image.default\">\n\t\t\t\t\t\t\t\t\t\t\t\t\t\t\t<img decoding=\"async\" width=\"640\" height=\"243\" src=\"https:\/\/alzor.com.mx\/wp-content\/uploads\/2025\/07\/Logo-Bio-Systemic-color-1024x389.png\" class=\"attachment-large size-large wp-image-2494\" alt=\"\" srcset=\"https:\/\/alzor.com.mx\/wp-content\/uploads\/2025\/07\/Logo-Bio-Systemic-color-1024x389.png 1024w, https:\/\/alzor.com.mx\/wp-content\/uploads\/2025\/07\/Logo-Bio-Systemic-color-300x114.png 300w, https:\/\/alzor.com.mx\/wp-content\/uploads\/2025\/07\/Logo-Bio-Systemic-color-768x292.png 768w, https:\/\/alzor.com.mx\/wp-content\/uploads\/2025\/07\/Logo-Bio-Systemic-color-1536x584.png 1536w, https:\/\/alzor.com.mx\/wp-content\/uploads\/2025\/07\/Logo-Bio-Systemic-color-2048x779.png 2048w\" sizes=\"(max-width: 640px) 100vw, 640px\" \/>\t\t\t\t\t\t\t\t\t\t\t\t\t\t\t<\/div>\n\t\t\t\t<div class=\"elementor-element elementor-element-2b90f12 elementor-widget elementor-widget-image\" data-id=\"2b90f12\" data-element_type=\"widget\" data-widget_type=\"image.default\">\n\t\t\t\t\t\t\t\t\t\t\t\t\t\t\t<img loading=\"lazy\" decoding=\"async\" width=\"640\" height=\"72\" src=\"https:\/\/alzor.com.mx\/wp-content\/uploads\/2025\/07\/Name_Nanobacter.svg\" class=\"attachment-large size-large wp-image-2712\" alt=\"\" \/>\t\t\t\t\t\t\t\t\t\t\t\t\t\t\t<\/div>\n\t\t\t\t<div class=\"elementor-element elementor-element-fb4515b elementor-widget elementor-widget-text-editor\" data-id=\"fb4515b\" data-element_type=\"widget\" data-widget_type=\"text-editor.default\">\n\t\t\t\t\t\t\t\t\t<p><span style=\"font-weight: 400;\">BioSystemic Nanobacter es un bactericida de amplio espectro que gracias a su composici\u00f3n de biomol\u00e9culas nanoemulsionadas permite su absorci\u00f3n a trav\u00e9s de la\u00a0 membrana\u00a0 celular\u00a0 de\u00a0 las\u00a0 bacterias\u00a0 para\u00a0 su\u00a0 liberaci\u00f3n\u00a0 dentro\u00a0 de\u00a0 ellas, provocando alteraciones irreparables en dichos microorganismos. De igual modo las biomol\u00e9culas que lo componen activan el sistema de resistencia adquirida (SAR) e induce la producci\u00f3n end\u00f3gena de enzimas de resistencia al estr\u00e9s y de hormonas de crecimiento.<\/span><\/p>\t\t\t\t\t\t\t\t<\/div>\n\t\t\t\t<div class=\"elementor-element elementor-element-4cd8ef5 elementor-align-center elementor-widget elementor-widget-button\" data-id=\"4cd8ef5\" data-element_type=\"widget\" data-widget_type=\"button.default\">\n\t\t\t\t\t\t\t\t\t\t<a class=\"elementor-button elementor-button-link elementor-size-sm\" href=\"https:\/\/wa.me\/529994373824\" target=\"_blank\">\n\t\t\t\t\t\t<span class=\"elementor-button-content-wrapper\">\n\t\t\t\t\t\t<span class=\"elementor-button-icon\">\n\t\t\t\t<i aria-hidden=\"true\" class=\"fab fa-whatsapp\"><\/i>\t\t\t<\/span>\n\t\t\t\t\t\t\t\t\t<span class=\"elementor-button-text\">Solicita la ficha t\u00e9cnica<\/span>\n\t\t\t\t\t<\/span>\n\t\t\t\t\t<\/a>\n\t\t\t\t\t\t\t\t<\/div>\n\t\t\t\t<div class=\"elementor-element elementor-element-1065155 elementor-invisible elementor-widget elementor-widget-image\" data-id=\"1065155\" data-element_type=\"widget\" data-settings=\"{&quot;_animation&quot;:&quot;slideInUp&quot;}\" data-widget_type=\"image.default\">\n\t\t\t\t\t\t\t\t\t\t\t\t\t\t\t<img loading=\"lazy\" decoding=\"async\" width=\"640\" height=\"305\" src=\"https:\/\/alzor.com.mx\/wp-content\/uploads\/2025\/07\/Iconos-BIO-SYSTEMIC-NANOBACTER-espanol-09.svg\" class=\"attachment-large size-large wp-image-2714\" alt=\"\" \/>\t\t\t\t\t\t\t\t\t\t\t\t\t\t\t<\/div>\n\t\t\t\t<\/div>\n\t\t<div class=\"elementor-element elementor-element-58931b6 e-con-full e-flex e-con e-child\" data-id=\"58931b6\" data-element_type=\"container\">\n\t\t\t\t<div class=\"elementor-element elementor-element-2d468ec elementor-widget elementor-widget-image\" data-id=\"2d468ec\" data-element_type=\"widget\" data-settings=\"{&quot;sticky&quot;:&quot;top&quot;,&quot;sticky_parent&quot;:&quot;yes&quot;,&quot;sticky_on&quot;:[&quot;desktop&quot;,&quot;tablet&quot;,&quot;mobile&quot;],&quot;sticky_offset&quot;:0,&quot;sticky_effects_offset&quot;:0,&quot;sticky_anchor_link_offset&quot;:0}\" data-widget_type=\"image.default\">\n\t\t\t\t\t\t\t\t\t\t\t\t\t\t\t<img loading=\"lazy\" decoding=\"async\" width=\"640\" height=\"640\" src=\"https:\/\/alzor.com.mx\/wp-content\/uploads\/2025\/07\/IMG_Bio-Systemic-Nanobacter-1024x1024.png\" class=\"attachment-large size-large wp-image-2715\" alt=\"\" srcset=\"https:\/\/alzor.com.mx\/wp-content\/uploads\/2025\/07\/IMG_Bio-Systemic-Nanobacter-1024x1024.png 1024w, https:\/\/alzor.com.mx\/wp-content\/uploads\/2025\/07\/IMG_Bio-Systemic-Nanobacter-300x300.png 300w, https:\/\/alzor.com.mx\/wp-content\/uploads\/2025\/07\/IMG_Bio-Systemic-Nanobacter-150x150.png 150w, https:\/\/alzor.com.mx\/wp-content\/uploads\/2025\/07\/IMG_Bio-Systemic-Nanobacter-768x768.png 768w, https:\/\/alzor.com.mx\/wp-content\/uploads\/2025\/07\/IMG_Bio-Systemic-Nanobacter-1536x1536.png 1536w, https:\/\/alzor.com.mx\/wp-content\/uploads\/2025\/07\/IMG_Bio-Systemic-Nanobacter-2048x2048.png 2048w, https:\/\/alzor.com.mx\/wp-content\/uploads\/2025\/07\/IMG_Bio-Systemic-Nanobacter-70x70.png 70w\" sizes=\"(max-width: 640px) 100vw, 640px\" \/>\t\t\t\t\t\t\t\t\t\t\t\t\t\t\t<\/div>\n\t\t\t\t<\/div>\n\t\t\t\t\t<\/div>\n\t\t\t\t<\/div>\n\t\t<div class=\"elementor-element elementor-element-acd3a46 e-flex e-con-boxed e-con e-parent\" data-id=\"acd3a46\" data-element_type=\"container\">\n\t\t\t\t\t<div class=\"e-con-inner\">\n\t\t\t\t<div class=\"elementor-element elementor-element-b98d993 elementor-widget-divider--view-line elementor-widget elementor-widget-divider\" data-id=\"b98d993\" data-element_type=\"widget\" data-widget_type=\"divider.default\">\n\t\t\t\t\t\t\t<div class=\"elementor-divider\">\n\t\t\t<span class=\"elementor-divider-separator\">\n\t\t\t\t\t\t<\/span>\n\t\t<\/div>\n\t\t\t\t\t\t<\/div>\n\t\t<div class=\"elementor-element elementor-element-3342544 e-con-full e-flex e-con e-child\" data-id=\"3342544\" data-element_type=\"container\">\n\t\t<div class=\"elementor-element elementor-element-75dd6df e-con-full e-flex e-con e-child\" data-id=\"75dd6df\" data-element_type=\"container\">\n\t\t\t\t<div class=\"elementor-element elementor-element-cc68091 elementor-widget elementor-widget-image\" data-id=\"cc68091\" data-element_type=\"widget\" data-settings=\"{&quot;sticky&quot;:&quot;top&quot;,&quot;sticky_parent&quot;:&quot;yes&quot;,&quot;sticky_on&quot;:[&quot;desktop&quot;,&quot;tablet&quot;,&quot;mobile&quot;],&quot;sticky_offset&quot;:0,&quot;sticky_effects_offset&quot;:0,&quot;sticky_anchor_link_offset&quot;:0}\" data-widget_type=\"image.default\">\n\t\t\t\t\t\t\t\t\t\t\t\t\t\t\t<img loading=\"lazy\" decoding=\"async\" width=\"640\" height=\"640\" src=\"https:\/\/alzor.com.mx\/wp-content\/uploads\/2025\/07\/Producto_Bio-Systemic-Hi-Bloq.svg\" class=\"attachment-large size-large wp-image-2718\" alt=\"\" \/>\t\t\t\t\t\t\t\t\t\t\t\t\t\t\t<\/div>\n\t\t\t\t<\/div>\n\t\t<div class=\"elementor-element elementor-element-69d80fa e-con-full e-flex e-con e-child\" data-id=\"69d80fa\" data-element_type=\"container\">\n\t\t\t\t<div class=\"elementor-element elementor-element-a2c8ac0 elementor-widget elementor-widget-image\" data-id=\"a2c8ac0\" data-element_type=\"widget\" data-widget_type=\"image.default\">\n\t\t\t\t\t\t\t\t\t\t\t\t\t\t\t<img decoding=\"async\" width=\"640\" height=\"243\" src=\"https:\/\/alzor.com.mx\/wp-content\/uploads\/2025\/07\/Logo-Bio-Systemic-color-1024x389.png\" class=\"attachment-large size-large wp-image-2494\" alt=\"\" srcset=\"https:\/\/alzor.com.mx\/wp-content\/uploads\/2025\/07\/Logo-Bio-Systemic-color-1024x389.png 1024w, https:\/\/alzor.com.mx\/wp-content\/uploads\/2025\/07\/Logo-Bio-Systemic-color-300x114.png 300w, https:\/\/alzor.com.mx\/wp-content\/uploads\/2025\/07\/Logo-Bio-Systemic-color-768x292.png 768w, https:\/\/alzor.com.mx\/wp-content\/uploads\/2025\/07\/Logo-Bio-Systemic-color-1536x584.png 1536w, https:\/\/alzor.com.mx\/wp-content\/uploads\/2025\/07\/Logo-Bio-Systemic-color-2048x779.png 2048w\" sizes=\"(max-width: 640px) 100vw, 640px\" \/>\t\t\t\t\t\t\t\t\t\t\t\t\t\t\t<\/div>\n\t\t\t\t<div class=\"elementor-element elementor-element-3e53dfe elementor-widget elementor-widget-image\" data-id=\"3e53dfe\" data-element_type=\"widget\" data-widget_type=\"image.default\">\n\t\t\t\t\t\t\t\t\t\t\t\t\t\t\t<img loading=\"lazy\" decoding=\"async\" width=\"640\" height=\"118\" src=\"https:\/\/alzor.com.mx\/wp-content\/uploads\/2025\/07\/Name_Hi-Bloq.svg\" class=\"attachment-large size-large wp-image-2717\" alt=\"\" \/>\t\t\t\t\t\t\t\t\t\t\t\t\t\t\t<\/div>\n\t\t\t\t<div class=\"elementor-element elementor-element-b043ce5 elementor-widget elementor-widget-text-editor\" data-id=\"b043ce5\" data-element_type=\"widget\" data-widget_type=\"text-editor.default\">\n\t\t\t\t\t\t\t\t\t<p><span style=\"font-weight: 400;\">BioSystemic\u00a0 HI-BLOQ\u00a0 es\u00a0 un\u00a0 insecticida\u00a0 que\u00a0 gracias\u00a0 a\u00a0 su\u00a0 composici\u00f3n\u00a0 de biomol\u00e9culas nanoemulsionadas permite la penetraci\u00f3n de metabolitos activos en estructuras blandas, provocando en los insectos quemaduras, asfixia, bloqueo de receptores, toxicidad y repelencia; brindando con estos mecanismos de acci\u00f3n los efectos: ovicida, ninficida y acaricida.<\/span><\/p>\t\t\t\t\t\t\t\t<\/div>\n\t\t\t\t<div class=\"elementor-element elementor-element-74c810b elementor-align-center elementor-widget elementor-widget-button\" data-id=\"74c810b\" data-element_type=\"widget\" data-widget_type=\"button.default\">\n\t\t\t\t\t\t\t\t\t\t<a class=\"elementor-button elementor-button-link elementor-size-sm\" href=\"https:\/\/wa.me\/529994373824\" target=\"_blank\">\n\t\t\t\t\t\t<span class=\"elementor-button-content-wrapper\">\n\t\t\t\t\t\t<span class=\"elementor-button-icon\">\n\t\t\t\t<i aria-hidden=\"true\" class=\"fab fa-whatsapp\"><\/i>\t\t\t<\/span>\n\t\t\t\t\t\t\t\t\t<span class=\"elementor-button-text\">Solicita la ficha t\u00e9cnica<\/span>\n\t\t\t\t\t<\/span>\n\t\t\t\t\t<\/a>\n\t\t\t\t\t\t\t\t<\/div>\n\t\t\t\t<div class=\"elementor-element elementor-element-807ff9f elementor-invisible elementor-widget elementor-widget-image\" data-id=\"807ff9f\" data-element_type=\"widget\" data-settings=\"{&quot;_animation&quot;:&quot;slideInUp&quot;}\" data-widget_type=\"image.default\">\n\t\t\t\t\t\t\t\t\t\t\t\t\t\t\t<img loading=\"lazy\" decoding=\"async\" width=\"640\" height=\"305\" src=\"https:\/\/alzor.com.mx\/wp-content\/uploads\/2025\/07\/Iconos-BIO-SYSTEMIC-HI-BLOQ-espanol-09.svg\" class=\"attachment-large size-large wp-image-2719\" alt=\"\" \/>\t\t\t\t\t\t\t\t\t\t\t\t\t\t\t<\/div>\n\t\t\t\t<\/div>\n\t\t<div class=\"elementor-element elementor-element-0f2e0c8 e-con-full e-flex e-con e-child\" data-id=\"0f2e0c8\" data-element_type=\"container\">\n\t\t\t\t<div class=\"elementor-element elementor-element-fda11ce elementor-widget elementor-widget-image\" data-id=\"fda11ce\" data-element_type=\"widget\" data-settings=\"{&quot;sticky&quot;:&quot;top&quot;,&quot;sticky_parent&quot;:&quot;yes&quot;,&quot;sticky_on&quot;:[&quot;desktop&quot;,&quot;tablet&quot;,&quot;mobile&quot;],&quot;sticky_offset&quot;:0,&quot;sticky_effects_offset&quot;:0,&quot;sticky_anchor_link_offset&quot;:0}\" data-widget_type=\"image.default\">\n\t\t\t\t\t\t\t\t\t\t\t\t\t\t\t<img loading=\"lazy\" decoding=\"async\" width=\"640\" height=\"640\" src=\"https:\/\/alzor.com.mx\/wp-content\/uploads\/2025\/07\/IMG_Bio-Systemic-Hi-Bloq-1024x1024.png\" class=\"attachment-large size-large wp-image-2716\" alt=\"\" srcset=\"https:\/\/alzor.com.mx\/wp-content\/uploads\/2025\/07\/IMG_Bio-Systemic-Hi-Bloq-1024x1024.png 1024w, https:\/\/alzor.com.mx\/wp-content\/uploads\/2025\/07\/IMG_Bio-Systemic-Hi-Bloq-300x300.png 300w, https:\/\/alzor.com.mx\/wp-content\/uploads\/2025\/07\/IMG_Bio-Systemic-Hi-Bloq-150x150.png 150w, https:\/\/alzor.com.mx\/wp-content\/uploads\/2025\/07\/IMG_Bio-Systemic-Hi-Bloq-768x768.png 768w, https:\/\/alzor.com.mx\/wp-content\/uploads\/2025\/07\/IMG_Bio-Systemic-Hi-Bloq-1536x1536.png 1536w, https:\/\/alzor.com.mx\/wp-content\/uploads\/2025\/07\/IMG_Bio-Systemic-Hi-Bloq-2048x2048.png 2048w, https:\/\/alzor.com.mx\/wp-content\/uploads\/2025\/07\/IMG_Bio-Systemic-Hi-Bloq-70x70.png 70w\" sizes=\"(max-width: 640px) 100vw, 640px\" \/>\t\t\t\t\t\t\t\t\t\t\t\t\t\t\t<\/div>\n\t\t\t\t<\/div>\n\t\t\t\t<\/div>\n\t\t\t\t\t<\/div>\n\t\t\t\t<\/div>\n\t\t\t\t<\/div>\n\t\t","protected":false},"excerpt":{"rendered":"<p>BioSystemic es un fungicida y bactericida de amplio espectro que permite una sanitizaci\u00f3n\u00a0 \u00f3ptima\u00a0 de\u00a0 los\u00a0 cultivos.\u00a0 Sus\u00a0 componentes\u00a0 tienen\u00a0 un\u00a0 efecto\u00a0 de contacto y sist\u00e9mico para el control de diversas enfermedades como: antracnosis, mancha\u00a0 caf\u00e9,\u00a0 mildiu,\u00a0 moho\u00a0 gris,\u00a0 entre\u00a0 otras.\u00a0 Los\u00a0 ingredientes\u00a0 activos\u00a0 de BioSystemic tienen una acci\u00f3n translaminar, ya que son absorbidos dentro [&hellip;]<\/p>\n","protected":false},"author":1,"featured_media":0,"parent":0,"menu_order":0,"comment_status":"closed","ping_status":"closed","template":"elementor_header_footer","meta":{"footnotes":""},"class_list":["post-2707","page","type-page","status-publish","hentry"],"_links":{"self":[{"href":"https:\/\/alzor.com.mx\/index.php\/wp-json\/wp\/v2\/pages\/2707","targetHints":{"allow":["GET"]}}],"collection":[{"href":"https:\/\/alzor.com.mx\/index.php\/wp-json\/wp\/v2\/pages"}],"about":[{"href":"https:\/\/alzor.com.mx\/index.php\/wp-json\/wp\/v2\/types\/page"}],"author":[{"embeddable":true,"href":"https:\/\/alzor.com.mx\/index.php\/wp-json\/wp\/v2\/users\/1"}],"replies":[{"embeddable":true,"href":"https:\/\/alzor.com.mx\/index.php\/wp-json\/wp\/v2\/comments?post=2707"}],"version-history":[{"count":12,"href":"https:\/\/alzor.com.mx\/index.php\/wp-json\/wp\/v2\/pages\/2707\/revisions"}],"predecessor-version":[{"id":2912,"href":"https:\/\/alzor.com.mx\/index.php\/wp-json\/wp\/v2\/pages\/2707\/revisions\/2912"}],"wp:attachment":[{"href":"https:\/\/alzor.com.mx\/index.php\/wp-json\/wp\/v2\/media?parent=2707"}],"curies":[{"name":"wp","href":"https:\/\/api.w.org\/{rel}","templated":true}]}}