{"id":2723,"date":"2025-07-11T20:44:01","date_gmt":"2025-07-11T20:44:01","guid":{"rendered":"https:\/\/alzor.com.mx\/?page_id=2723"},"modified":"2025-07-29T21:46:32","modified_gmt":"2025-07-29T21:46:32","slug":"postcosecha","status":"publish","type":"page","link":"https:\/\/alzor.com.mx\/index.php\/postcosecha\/","title":{"rendered":"Postcosecha"},"content":{"rendered":"\t\t<div data-elementor-type=\"wp-page\" data-elementor-id=\"2723\" class=\"elementor elementor-2723\" data-elementor-post-type=\"page\">\n\t\t\t\t<div class=\"elementor-element elementor-element-4ec0199 e-flex e-con-boxed e-con e-parent\" data-id=\"4ec0199\" data-element_type=\"container\">\n\t\t\t\t\t<div class=\"e-con-inner\">\n\t\t<div class=\"elementor-element elementor-element-b3632db e-con-full e-flex e-con e-child\" data-id=\"b3632db\" data-element_type=\"container\">\n\t\t\t\t<div class=\"elementor-element elementor-element-44a70a9 elementor-widget elementor-widget-image\" data-id=\"44a70a9\" data-element_type=\"widget\" data-settings=\"{&quot;sticky&quot;:&quot;top&quot;,&quot;sticky_parent&quot;:&quot;yes&quot;,&quot;sticky_on&quot;:[&quot;desktop&quot;,&quot;tablet&quot;,&quot;mobile&quot;],&quot;sticky_offset&quot;:0,&quot;sticky_effects_offset&quot;:0,&quot;sticky_anchor_link_offset&quot;:0}\" data-widget_type=\"image.default\">\n\t\t\t\t\t\t\t\t\t\t\t\t\t\t\t<img fetchpriority=\"high\" decoding=\"async\" width=\"640\" height=\"640\" src=\"https:\/\/alzor.com.mx\/wp-content\/uploads\/2025\/07\/Producto_Frottul.svg\" class=\"attachment-large size-large wp-image-2724\" alt=\"\" \/>\t\t\t\t\t\t\t\t\t\t\t\t\t\t\t<\/div>\n\t\t\t\t<\/div>\n\t\t<div class=\"elementor-element elementor-element-82cda0f e-con-full e-flex e-con e-child\" data-id=\"82cda0f\" data-element_type=\"container\">\n\t\t\t\t<div class=\"elementor-element elementor-element-7a5cc26 elementor-widget elementor-widget-image\" data-id=\"7a5cc26\" data-element_type=\"widget\" data-widget_type=\"image.default\">\n\t\t\t\t\t\t\t\t\t\t\t\t\t\t\t<img decoding=\"async\" width=\"640\" height=\"144\" src=\"https:\/\/alzor.com.mx\/wp-content\/uploads\/2025\/07\/Logotipo-Frottul_Color-1024x230.png\" class=\"attachment-large size-large wp-image-2493\" alt=\"\" srcset=\"https:\/\/alzor.com.mx\/wp-content\/uploads\/2025\/07\/Logotipo-Frottul_Color-1024x230.png 1024w, https:\/\/alzor.com.mx\/wp-content\/uploads\/2025\/07\/Logotipo-Frottul_Color-300x67.png 300w, https:\/\/alzor.com.mx\/wp-content\/uploads\/2025\/07\/Logotipo-Frottul_Color-768x173.png 768w, https:\/\/alzor.com.mx\/wp-content\/uploads\/2025\/07\/Logotipo-Frottul_Color-1536x345.png 1536w, https:\/\/alzor.com.mx\/wp-content\/uploads\/2025\/07\/Logotipo-Frottul_Color-2048x460.png 2048w\" sizes=\"(max-width: 640px) 100vw, 640px\" \/>\t\t\t\t\t\t\t\t\t\t\t\t\t\t\t<\/div>\n\t\t\t\t<div class=\"elementor-element elementor-element-e6df00a elementor-widget elementor-widget-text-editor\" data-id=\"e6df00a\" data-element_type=\"widget\" data-widget_type=\"text-editor.default\">\n\t\t\t\t\t\t\t\t\t<p><span style=\"font-weight: 400;\">Frottul es un recubrimiento grado alimenticio para aumentar la vida en anaquel de frutos tanto verdes como maduros. Esta protecci\u00f3n se basa en su triple efecto al formar una barrera antioxidante\/cicatrizante, fungicida-bactericida y contra la p\u00e9rdida de humedad. Esto se traduce en una mayor protecci\u00f3n en el transporte a largas distancias, brindando una potente protecci\u00f3n contra la antracnosis y podredumbres bacterianas<\/span><b>.\u00a0<\/b><\/p>\t\t\t\t\t\t\t\t<\/div>\n\t\t\t\t<div class=\"elementor-element elementor-element-a94205d elementor-align-center elementor-widget elementor-widget-button\" data-id=\"a94205d\" data-element_type=\"widget\" data-widget_type=\"button.default\">\n\t\t\t\t\t\t\t\t\t\t<a class=\"elementor-button elementor-button-link elementor-size-sm\" href=\"https:\/\/wa.me\/529994373824\" target=\"_blank\">\n\t\t\t\t\t\t<span class=\"elementor-button-content-wrapper\">\n\t\t\t\t\t\t<span class=\"elementor-button-icon\">\n\t\t\t\t<i aria-hidden=\"true\" class=\"fab fa-whatsapp\"><\/i>\t\t\t<\/span>\n\t\t\t\t\t\t\t\t\t<span class=\"elementor-button-text\">Solicita la ficha t\u00e9cnica<\/span>\n\t\t\t\t\t<\/span>\n\t\t\t\t\t<\/a>\n\t\t\t\t\t\t\t\t<\/div>\n\t\t\t\t<div class=\"elementor-element elementor-element-a59068b elementor-invisible elementor-widget elementor-widget-image\" data-id=\"a59068b\" data-element_type=\"widget\" data-settings=\"{&quot;_animation&quot;:&quot;slideInUp&quot;}\" data-widget_type=\"image.default\">\n\t\t\t\t\t\t\t\t\t\t\t\t\t\t\t<img decoding=\"async\" width=\"640\" height=\"413\" src=\"https:\/\/alzor.com.mx\/wp-content\/uploads\/2025\/07\/Iconos-FROTTUL-espanol-07.svg\" class=\"attachment-large size-large wp-image-2725\" alt=\"\" \/>\t\t\t\t\t\t\t\t\t\t\t\t\t\t\t<\/div>\n\t\t\t\t<\/div>\n\t\t<div class=\"elementor-element elementor-element-5ca44cd e-con-full e-flex e-con e-child\" data-id=\"5ca44cd\" data-element_type=\"container\">\n\t\t\t\t<div class=\"elementor-element elementor-element-ff1302c elementor-widget elementor-widget-image\" data-id=\"ff1302c\" data-element_type=\"widget\" data-settings=\"{&quot;sticky&quot;:&quot;top&quot;,&quot;sticky_parent&quot;:&quot;yes&quot;,&quot;sticky_on&quot;:[&quot;desktop&quot;,&quot;tablet&quot;,&quot;mobile&quot;],&quot;sticky_offset&quot;:0,&quot;sticky_effects_offset&quot;:0,&quot;sticky_anchor_link_offset&quot;:0}\" data-widget_type=\"image.default\">\n\t\t\t\t\t\t\t\t\t\t\t\t\t\t\t<img loading=\"lazy\" decoding=\"async\" width=\"640\" height=\"640\" src=\"https:\/\/alzor.com.mx\/wp-content\/uploads\/2025\/07\/IMG_Frottul-1024x1024.png\" class=\"attachment-large size-large wp-image-2726\" alt=\"\" srcset=\"https:\/\/alzor.com.mx\/wp-content\/uploads\/2025\/07\/IMG_Frottul-1024x1024.png 1024w, https:\/\/alzor.com.mx\/wp-content\/uploads\/2025\/07\/IMG_Frottul-300x300.png 300w, https:\/\/alzor.com.mx\/wp-content\/uploads\/2025\/07\/IMG_Frottul-150x150.png 150w, https:\/\/alzor.com.mx\/wp-content\/uploads\/2025\/07\/IMG_Frottul-768x768.png 768w, https:\/\/alzor.com.mx\/wp-content\/uploads\/2025\/07\/IMG_Frottul-1536x1536.png 1536w, https:\/\/alzor.com.mx\/wp-content\/uploads\/2025\/07\/IMG_Frottul-2048x2048.png 2048w, https:\/\/alzor.com.mx\/wp-content\/uploads\/2025\/07\/IMG_Frottul-70x70.png 70w\" sizes=\"(max-width: 640px) 100vw, 640px\" \/>\t\t\t\t\t\t\t\t\t\t\t\t\t\t\t<\/div>\n\t\t\t\t<\/div>\n\t\t\t\t\t<\/div>\n\t\t\t\t<\/div>\n\t\t\t\t<\/div>\n\t\t","protected":false},"excerpt":{"rendered":"<p>Frottul es un recubrimiento grado alimenticio para aumentar la vida en anaquel de frutos tanto verdes como maduros. Esta protecci\u00f3n se basa en su triple efecto al formar una barrera antioxidante\/cicatrizante, fungicida-bactericida y contra la p\u00e9rdida de humedad. Esto se traduce en una mayor protecci\u00f3n en el transporte a largas distancias, brindando una potente protecci\u00f3n [&hellip;]<\/p>\n","protected":false},"author":1,"featured_media":0,"parent":0,"menu_order":0,"comment_status":"closed","ping_status":"closed","template":"elementor_header_footer","meta":{"footnotes":""},"class_list":["post-2723","page","type-page","status-publish","hentry"],"_links":{"self":[{"href":"https:\/\/alzor.com.mx\/index.php\/wp-json\/wp\/v2\/pages\/2723","targetHints":{"allow":["GET"]}}],"collection":[{"href":"https:\/\/alzor.com.mx\/index.php\/wp-json\/wp\/v2\/pages"}],"about":[{"href":"https:\/\/alzor.com.mx\/index.php\/wp-json\/wp\/v2\/types\/page"}],"author":[{"embeddable":true,"href":"https:\/\/alzor.com.mx\/index.php\/wp-json\/wp\/v2\/users\/1"}],"replies":[{"embeddable":true,"href":"https:\/\/alzor.com.mx\/index.php\/wp-json\/wp\/v2\/comments?post=2723"}],"version-history":[{"count":12,"href":"https:\/\/alzor.com.mx\/index.php\/wp-json\/wp\/v2\/pages\/2723\/revisions"}],"predecessor-version":[{"id":2915,"href":"https:\/\/alzor.com.mx\/index.php\/wp-json\/wp\/v2\/pages\/2723\/revisions\/2915"}],"wp:attachment":[{"href":"https:\/\/alzor.com.mx\/index.php\/wp-json\/wp\/v2\/media?parent=2723"}],"curies":[{"name":"wp","href":"https:\/\/api.w.org\/{rel}","templated":true}]}}